{"id":11304,"date":"2024-07-17T15:15:38","date_gmt":"2024-07-17T15:15:38","guid":{"rendered":"https:\/\/whiteminerals.pt\/reporting-portal\/"},"modified":"2024-08-08T14:42:38","modified_gmt":"2024-08-08T14:42:38","slug":"reporting-portal","status":"publish","type":"page","link":"https:\/\/whiteminerals.pt\/en\/reporting-portal\/","title":{"rendered":"Reporting Portal"},"content":{"rendered":"\t\t<div data-elementor-type=\"wp-page\" data-elementor-id=\"11304\" class=\"elementor elementor-11304 elementor-11280\">\n\t\t\t\t\t\t<section class=\"elementor-section elementor-top-section elementor-element elementor-element-79c70ebf elementor-section-boxed elementor-section-height-default elementor-section-height-default wd-section-disabled\" data-id=\"79c70ebf\" data-element_type=\"section\">\n\t\t\t\t\t\t<div class=\"elementor-container elementor-column-gap-default\">\n\t\t\t\t\t<div class=\"elementor-column elementor-col-16 elementor-top-column elementor-element elementor-element-301a05b3\" data-id=\"301a05b3\" data-element_type=\"column\">\n\t\t\t<div class=\"elementor-widget-wrap\">\n\t\t\t\t\t\t\t<\/div>\n\t\t<\/div>\n\t\t\t\t<div class=\"elementor-column elementor-col-66 elementor-top-column elementor-element elementor-element-134de3bb\" data-id=\"134de3bb\" data-element_type=\"column\">\n\t\t\t<div class=\"elementor-widget-wrap elementor-element-populated\">\n\t\t\t\t\t\t<div class=\"elementor-element elementor-element-717ba0ed elementor-widget elementor-widget-wd_title\" data-id=\"717ba0ed\" data-element_type=\"widget\" data-widget_type=\"wd_title.default\">\n\t\t\t\t<div class=\"elementor-widget-container\">\n\t\t\t\t\t\t\t<div class=\"title-wrapper set-mb-s reset-last-child wd-title-color-default wd-title-style-default wd-title-size-extra-large text-center\">\n\n\t\t\t\n\t\t\t<div class=\"liner-continer\">\n\t\t\t\t<h4 class=\"woodmart-title-container title wd-fontsize-xxxl\">FILL IN THE FORM <br \/>\nWITH YOUR REPORT<\/h4> \n\t\t\t\t\t\t\t<\/div>\n\n\t\t\t\t\t\t\t<div class=\"title-after_title set-cont-mb-s reset-last-child wd-fontsize-s\">\n\t\t\t\t\t<p>Fill in your details<\/p>\t\t\t\t<\/div>\n\t\t\t\t\t<\/div>\n\t\t\t\t\t\t<\/div>\n\t\t\t\t<\/div>\n\t\t\t\t<div class=\"elementor-element elementor-element-3e904cfa elementor-widget elementor-widget-wd_contact_form_7\" data-id=\"3e904cfa\" data-element_type=\"widget\" data-widget_type=\"wd_contact_form_7.default\">\n\t\t\t\t<div class=\"elementor-widget-container\">\n\t\t\t\t\t\n<div class=\"wpcf7 no-js\" id=\"wpcf7-f11290-o1\" lang=\"pt-PT\" dir=\"ltr\" data-wpcf7-id=\"11290\">\n<div class=\"screen-reader-response\"><p role=\"status\" aria-live=\"polite\" aria-atomic=\"true\"><\/p> <ul><\/ul><\/div>\n<form action=\"\/en\/wp-json\/wp\/v2\/pages\/11304#wpcf7-f11290-o1\" method=\"post\" class=\"wpcf7-form init\" aria-label=\"Formul\u00e1rio de contacto\" novalidate=\"novalidate\" data-status=\"init\">\n<div style=\"display: none;\">\n<input type=\"hidden\" name=\"_wpcf7\" value=\"11290\" \/>\n<input type=\"hidden\" name=\"_wpcf7_version\" value=\"6.0.6\" \/>\n<input type=\"hidden\" name=\"_wpcf7_locale\" value=\"pt_PT\" \/>\n<input type=\"hidden\" name=\"_wpcf7_unit_tag\" value=\"wpcf7-f11290-o1\" \/>\n<input type=\"hidden\" name=\"_wpcf7_container_post\" value=\"0\" \/>\n<input type=\"hidden\" name=\"_wpcf7_posted_data_hash\" value=\"\" \/>\n<input type=\"hidden\" name=\"_wpcf7cf_hidden_group_fields\" value=\"[]\" \/>\n<input type=\"hidden\" name=\"_wpcf7cf_hidden_groups\" value=\"[]\" \/>\n<input type=\"hidden\" name=\"_wpcf7cf_visible_groups\" value=\"[]\" \/>\n<input type=\"hidden\" name=\"_wpcf7cf_repeaters\" value=\"[]\" \/>\n<input type=\"hidden\" name=\"_wpcf7cf_steps\" value=\"{}\" \/>\n<input type=\"hidden\" name=\"_wpcf7cf_options\" value=\"{&quot;form_id&quot;:11290,&quot;conditions&quot;:[{&quot;then_field&quot;:&quot;report-selected&quot;,&quot;and_rules&quot;:[{&quot;if_field&quot;:&quot;your-report&quot;,&quot;operator&quot;:&quot;equals&quot;,&quot;if_value&quot;:&quot;N\\u00e3o&quot;}]}],&quot;settings&quot;:{&quot;animation&quot;:&quot;yes&quot;,&quot;animation_intime&quot;:200,&quot;animation_outtime&quot;:200,&quot;conditions_ui&quot;:&quot;normal&quot;,&quot;notice_dismissed&quot;:false}}\" \/>\n<input type=\"hidden\" name=\"_wpcf7_recaptcha_response\" value=\"\" \/>\n<\/div>\n<div class=\"row\">\n\t<p class=\"col-md-12\"><label>Deseja fazer uma den\u00fancia an\u00f3nima?*<\/label><span class=\"wpcf7-form-control-wrap\" data-name=\"your-report\"><span class=\"wpcf7-form-control wpcf7-radio\"><span class=\"wpcf7-list-item first\"><label><input type=\"radio\" name=\"your-report\" value=\"Sim\" checked=\"checked\" \/><span class=\"wpcf7-list-item-label\">Sim<\/span><\/label><\/span><span class=\"wpcf7-list-item last\"><label><input type=\"radio\" name=\"your-report\" value=\"N\u00e3o\" \/><span class=\"wpcf7-list-item-label\">N\u00e3o<\/span><\/label><\/span><\/span><\/span>\n\t<\/p>\n<\/div>\n<div data-id=\"report-selected\" data-orig_data_id=\"report-selected\"  data-class=\"wpcf7cf_group\">\n\t<div class=\"row\">\n\t\t<p class=\"col-md-4\"><label>Nome<\/label><span class=\"wpcf7-form-control-wrap\" data-name=\"your-name\"><input size=\"40\" maxlength=\"400\" class=\"wpcf7-form-control wpcf7-text wpcf7-validates-as-required\" aria-required=\"true\" aria-invalid=\"false\" value=\"\" type=\"text\" name=\"your-name\" \/><\/span>\n\t\t<\/p>\n\t\t<p class=\"col-md-4\"><label>Endere\u00e7o de Email<\/label><span class=\"wpcf7-form-control-wrap\" data-name=\"your-email\"><input size=\"40\" maxlength=\"400\" class=\"wpcf7-form-control wpcf7-email wpcf7-validates-as-required wpcf7-text wpcf7-validates-as-email\" aria-required=\"true\" aria-invalid=\"false\" value=\"\" type=\"email\" name=\"your-email\" \/><\/span>\n\t\t<\/p>\n\t\t<p class=\"col-md-4\"><label>Contacto Telef\u00f3nico<\/label><span class=\"wpcf7-form-control-wrap\" data-name=\"your-phone\"><input size=\"40\" maxlength=\"400\" class=\"wpcf7-form-control wpcf7-tel wpcf7-text wpcf7-validates-as-tel\" aria-invalid=\"false\" value=\"\" type=\"tel\" name=\"your-phone\" \/><\/span>\n\t\t<\/p>\n\t<\/div>\n<\/div>\n<div class=\"row\">\n\t<p class=\"col-md-6\"><label>Assunto da den\u00fancia*<\/label><span class=\"wpcf7-form-control-wrap\" data-name=\"your-report-subject\"><input size=\"40\" maxlength=\"400\" class=\"wpcf7-form-control wpcf7-text wpcf7-validates-as-required\" aria-required=\"true\" aria-invalid=\"false\" value=\"\" type=\"text\" name=\"your-report-subject\" \/><\/span>\n\t<\/p>\n\t<p class=\"col-md-6\"><label>Data da ocorr\u00eancia*<\/label><span class=\"wpcf7-form-control-wrap\" data-name=\"report-date\"><input class=\"wpcf7-form-control wpcf7-date wpcf7-validates-as-required wpcf7-validates-as-date\" aria-required=\"true\" aria-invalid=\"false\" value=\"\" type=\"date\" name=\"report-date\" \/><\/span>\n\t<\/p>\n<\/div>\n<div class=\"row\">\n\t<p class=\"col-md-6\"><label>Unidade White Minerals*<\/label><span class=\"wpcf7-form-control-wrap\" data-name=\"unit-report\"><select class=\"wpcf7-form-control wpcf7-select wpcf7-validates-as-required\" aria-required=\"true\" aria-invalid=\"false\" name=\"unit-report\"><option value=\"\">-- Escolha uma unidade --<\/option><option value=\"Unidade Bucelas\">Unidade Bucelas<\/option><option value=\"Unidade Ramalhal\">Unidade Ramalhal<\/option><option value=\"Unidade Albergaria dos Doze\">Unidade Albergaria dos Doze<\/option><option value=\"Unidade Miranda do Corvo\">Unidade Miranda do Corvo<\/option><option value=\"Unidade da Guia\">Unidade da Guia<\/option><\/select><\/span>\n\t<\/p>\n\t<p class=\"col-md-6\"><label>Est\u00e1 a denunciar como?*<\/label><span class=\"wpcf7-form-control-wrap\" data-name=\"local-report\"><select class=\"wpcf7-form-control wpcf7-select wpcf7-validates-as-required\" aria-required=\"true\" aria-invalid=\"false\" name=\"local-report\"><option value=\"\">-- Escolha uma op\u00e7\u00e3o --<\/option><option value=\"Colaborador\">Colaborador<\/option><option value=\"Ex-colaborador\">Ex-colaborador<\/option><option value=\"Candidato\">Candidato<\/option><option value=\"Cliente\">Cliente<\/option><option value=\"Parceiro\">Parceiro<\/option><option value=\"Fornecedor\">Fornecedor<\/option><option value=\"Outro\">Outro<\/option><\/select><\/span>\n\t<\/p>\n<\/div>\n<div class=\"row\">\n\t<p class=\"col-md-12\"><label>Mensagem<\/label><span class=\"wpcf7-form-control-wrap\" data-name=\"your-message\"><textarea cols=\"40\" rows=\"10\" maxlength=\"2000\" class=\"wpcf7-form-control wpcf7-textarea\" aria-invalid=\"false\" placeholder=\"\" name=\"your-message\"><\/textarea><\/span>\n\t<\/p>\n<\/div>\n<div class=\"row\">\n\t<div class=\"col-md-12\">\n\t\t<p><span class=\"wpcf7-form-control-wrap\" data-name=\"your-consent\"><span class=\"wpcf7-form-control wpcf7-acceptance\"><span class=\"wpcf7-list-item\"><label><input type=\"checkbox\" name=\"your-consent\" value=\"1\" aria-invalid=\"false\" \/><span class=\"wpcf7-list-item-label\">Li e aceito a <a target=\"_blank\" href=\"\/politica-privacidade\" rel=\"nofollow\">Pol\u00edtica de Privacidade<\/a>.<\/span><\/label><\/span><\/span><\/span>\n\t\t<\/p>\n\t<\/div>\n<\/div>\n<p><input class=\"wpcf7-form-control wpcf7-submit has-spinner\" type=\"submit\" value=\"ENVIAR\" \/>\n<\/p><div class=\"wpcf7-response-output\" aria-hidden=\"true\"><\/div>\n<\/form>\n<\/div>\n\t\t\t\t<\/div>\n\t\t\t\t<\/div>\n\t\t\t\t<div class=\"elementor-element elementor-element-e05f007 elementor-widget elementor-widget-wd_text_block\" data-id=\"e05f007\" data-element_type=\"widget\" data-widget_type=\"wd_text_block.default\">\n\t\t\t\t<div class=\"elementor-widget-container\">\n\t\t\t\t\t\t\t<div class=\"wd-text-block reset-last-child text-left\">\n\t\t\t\n\t\t\t<p>Alternatively, you can send an email to<br \/><a href=\"mailto:portaldadenuncia@whiteminerals.pt\"><strong>portaldadenuncia@whiteminerals.pt<\/strong><\/a><\/p>\n\t\t\t\t\t<\/div>\n\t\t\t\t\t\t<\/div>\n\t\t\t\t<\/div>\n\t\t\t\t\t<\/div>\n\t\t<\/div>\n\t\t\t\t<div class=\"elementor-column elementor-col-16 elementor-top-column elementor-element elementor-element-2ba36b2f\" data-id=\"2ba36b2f\" data-element_type=\"column\">\n\t\t\t<div class=\"elementor-widget-wrap\">\n\t\t\t\t\t\t\t<\/div>\n\t\t<\/div>\n\t\t\t\t\t<\/div>\n\t\t<\/section>\n\t\t\t\t<\/div>\n\t\t","protected":false},"excerpt":{"rendered":"<p>FILL IN THE FORM WITH YOUR REPORT Fill in your details Deseja fazer uma den\u00fancia an\u00f3nima?*SimN\u00e3o Nome Endere\u00e7o de Email<\/p>\n","protected":false},"author":4,"featured_media":0,"parent":0,"menu_order":0,"comment_status":"closed","ping_status":"closed","template":"","meta":{"_acf_changed":false,"_monsterinsights_skip_tracking":false,"_monsterinsights_sitenote_active":false,"_monsterinsights_sitenote_note":"","_monsterinsights_sitenote_category":0,"footnotes":""},"class_list":["post-11304","page","type-page","status-publish","hentry"],"acf":[],"yoast_head":"<!-- This site is optimized with the Yoast SEO plugin v25.0 - https:\/\/yoast.com\/wordpress\/plugins\/seo\/ -->\n<title>Reporting Portal - White Minerals<\/title>\n<meta name=\"robots\" content=\"index, follow, max-snippet:-1, max-image-preview:large, max-video-preview:-1\" \/>\n<link rel=\"canonical\" href=\"https:\/\/whiteminerals.pt\/en\/reporting-portal\/\" \/>\n<meta property=\"og:locale\" content=\"en_US\" \/>\n<meta property=\"og:type\" content=\"article\" \/>\n<meta property=\"og:title\" content=\"Reporting Portal - White Minerals\" \/>\n<meta property=\"og:description\" content=\"FILL IN THE FORM WITH YOUR REPORT Fill in your details Deseja fazer uma den\u00fancia an\u00f3nima?*SimN\u00e3o Nome Endere\u00e7o de Email\" \/>\n<meta property=\"og:url\" content=\"https:\/\/whiteminerals.pt\/en\/reporting-portal\/\" \/>\n<meta property=\"og:site_name\" content=\"White Minerals\" \/>\n<meta property=\"article:modified_time\" content=\"2024-08-08T14:42:38+00:00\" \/>\n<meta name=\"twitter:card\" content=\"summary_large_image\" \/>\n<meta name=\"twitter:label1\" content=\"Est. reading time\" \/>\n\t<meta name=\"twitter:data1\" content=\"1 minute\" \/>\n<script type=\"application\/ld+json\" class=\"yoast-schema-graph\">{\"@context\":\"https:\/\/schema.org\",\"@graph\":[{\"@type\":\"WebPage\",\"@id\":\"https:\/\/whiteminerals.pt\/en\/reporting-portal\/\",\"url\":\"https:\/\/whiteminerals.pt\/en\/reporting-portal\/\",\"name\":\"Reporting Portal - White Minerals\",\"isPartOf\":{\"@id\":\"https:\/\/whiteminerals.pt\/en\/#website\"},\"datePublished\":\"2024-07-17T15:15:38+00:00\",\"dateModified\":\"2024-08-08T14:42:38+00:00\",\"breadcrumb\":{\"@id\":\"https:\/\/whiteminerals.pt\/en\/reporting-portal\/#breadcrumb\"},\"inLanguage\":\"en-US\",\"potentialAction\":[{\"@type\":\"ReadAction\",\"target\":[\"https:\/\/whiteminerals.pt\/en\/reporting-portal\/\"]}]},{\"@type\":\"BreadcrumbList\",\"@id\":\"https:\/\/whiteminerals.pt\/en\/reporting-portal\/#breadcrumb\",\"itemListElement\":[{\"@type\":\"ListItem\",\"position\":1,\"name\":\"Home\",\"item\":\"https:\/\/whiteminerals.pt\/en\/\"},{\"@type\":\"ListItem\",\"position\":2,\"name\":\"Reporting Portal\"}]},{\"@type\":\"WebSite\",\"@id\":\"https:\/\/whiteminerals.pt\/en\/#website\",\"url\":\"https:\/\/whiteminerals.pt\/en\/\",\"name\":\"White Minerals\",\"description\":\"Mais um site WordPress\",\"potentialAction\":[{\"@type\":\"SearchAction\",\"target\":{\"@type\":\"EntryPoint\",\"urlTemplate\":\"https:\/\/whiteminerals.pt\/en\/?s={search_term_string}\"},\"query-input\":{\"@type\":\"PropertyValueSpecification\",\"valueRequired\":true,\"valueName\":\"search_term_string\"}}],\"inLanguage\":\"en-US\"}]}<\/script>\n<!-- \/ Yoast SEO plugin. -->","yoast_head_json":{"title":"Reporting Portal - White Minerals","robots":{"index":"index","follow":"follow","max-snippet":"max-snippet:-1","max-image-preview":"max-image-preview:large","max-video-preview":"max-video-preview:-1"},"canonical":"https:\/\/whiteminerals.pt\/en\/reporting-portal\/","og_locale":"en_US","og_type":"article","og_title":"Reporting Portal - White Minerals","og_description":"FILL IN THE FORM WITH YOUR REPORT Fill in your details Deseja fazer uma den\u00fancia an\u00f3nima?*SimN\u00e3o Nome Endere\u00e7o de Email","og_url":"https:\/\/whiteminerals.pt\/en\/reporting-portal\/","og_site_name":"White Minerals","article_modified_time":"2024-08-08T14:42:38+00:00","twitter_card":"summary_large_image","twitter_misc":{"Est. reading time":"1 minute"},"schema":{"@context":"https:\/\/schema.org","@graph":[{"@type":"WebPage","@id":"https:\/\/whiteminerals.pt\/en\/reporting-portal\/","url":"https:\/\/whiteminerals.pt\/en\/reporting-portal\/","name":"Reporting Portal - White Minerals","isPartOf":{"@id":"https:\/\/whiteminerals.pt\/en\/#website"},"datePublished":"2024-07-17T15:15:38+00:00","dateModified":"2024-08-08T14:42:38+00:00","breadcrumb":{"@id":"https:\/\/whiteminerals.pt\/en\/reporting-portal\/#breadcrumb"},"inLanguage":"en-US","potentialAction":[{"@type":"ReadAction","target":["https:\/\/whiteminerals.pt\/en\/reporting-portal\/"]}]},{"@type":"BreadcrumbList","@id":"https:\/\/whiteminerals.pt\/en\/reporting-portal\/#breadcrumb","itemListElement":[{"@type":"ListItem","position":1,"name":"Home","item":"https:\/\/whiteminerals.pt\/en\/"},{"@type":"ListItem","position":2,"name":"Reporting Portal"}]},{"@type":"WebSite","@id":"https:\/\/whiteminerals.pt\/en\/#website","url":"https:\/\/whiteminerals.pt\/en\/","name":"White Minerals","description":"Mais um site WordPress","potentialAction":[{"@type":"SearchAction","target":{"@type":"EntryPoint","urlTemplate":"https:\/\/whiteminerals.pt\/en\/?s={search_term_string}"},"query-input":{"@type":"PropertyValueSpecification","valueRequired":true,"valueName":"search_term_string"}}],"inLanguage":"en-US"}]}},"_links":{"self":[{"href":"https:\/\/whiteminerals.pt\/en\/wp-json\/wp\/v2\/pages\/11304","targetHints":{"allow":["GET"]}}],"collection":[{"href":"https:\/\/whiteminerals.pt\/en\/wp-json\/wp\/v2\/pages"}],"about":[{"href":"https:\/\/whiteminerals.pt\/en\/wp-json\/wp\/v2\/types\/page"}],"author":[{"embeddable":true,"href":"https:\/\/whiteminerals.pt\/en\/wp-json\/wp\/v2\/users\/4"}],"replies":[{"embeddable":true,"href":"https:\/\/whiteminerals.pt\/en\/wp-json\/wp\/v2\/comments?post=11304"}],"version-history":[{"count":10,"href":"https:\/\/whiteminerals.pt\/en\/wp-json\/wp\/v2\/pages\/11304\/revisions"}],"predecessor-version":[{"id":11318,"href":"https:\/\/whiteminerals.pt\/en\/wp-json\/wp\/v2\/pages\/11304\/revisions\/11318"}],"wp:attachment":[{"href":"https:\/\/whiteminerals.pt\/en\/wp-json\/wp\/v2\/media?parent=11304"}],"curies":[{"name":"wp","href":"https:\/\/api.w.org\/{rel}","templated":true}]}}