{"id":10090,"date":"2022-09-19T10:06:16","date_gmt":"2022-09-19T10:06:16","guid":{"rendered":"https:\/\/whiteminerals.pt\/group\/"},"modified":"2025-02-10T09:44:36","modified_gmt":"2025-02-10T09:44:36","slug":"group","status":"publish","type":"page","link":"https:\/\/whiteminerals.pt\/en\/group\/","title":{"rendered":"Group"},"content":{"rendered":"\t\t<div data-elementor-type=\"wp-page\" data-elementor-id=\"10090\" class=\"elementor elementor-10090 elementor-8441\">\n\t\t\t\t\t\t<section class=\"elementor-section elementor-top-section elementor-element elementor-element-417011f3 elementor-section-boxed elementor-section-height-default elementor-section-height-default wd-section-disabled\" data-id=\"417011f3\" data-element_type=\"section\">\n\t\t\t\t\t\t<div class=\"elementor-container elementor-column-gap-default\">\n\t\t\t\t\t<div class=\"elementor-column elementor-col-100 elementor-top-column elementor-element elementor-element-5c2a8128\" data-id=\"5c2a8128\" data-element_type=\"column\">\n\t\t\t<div class=\"elementor-widget-wrap elementor-element-populated\">\n\t\t\t\t\t\t<div class=\"elementor-element elementor-element-d29fda7 elementor-widget elementor-widget-wd_title\" data-id=\"d29fda7\" data-element_type=\"widget\" data-widget_type=\"wd_title.default\">\n\t\t\t\t<div class=\"elementor-widget-container\">\n\t\t\t\t\t\t\t<div class=\"title-wrapper set-mb-s reset-last-child wd-title-color-default wd-title-style-default wd-title-size-large text-center\">\n\n\t\t\t\n\t\t\t<div class=\"liner-continer\">\n\t\t\t\t<h4 class=\"woodmart-title-container title wd-fontsize-xxl\">WE SEE THE FUTURE AS<br \/>\nAN EXCITING CHALLENGE<\/h4> \n\t\t\t\t\t\t\t<\/div>\n\n\t\t\t\t\t<\/div>\n\t\t\t\t\t\t<\/div>\n\t\t\t\t<\/div>\n\t\t\t\t\t<\/div>\n\t\t<\/div>\n\t\t\t\t\t<\/div>\n\t\t<\/section>\n\t\t\t\t<section class=\"elementor-section elementor-top-section elementor-element elementor-element-1dec7d0 elementor-section-boxed elementor-section-height-default elementor-section-height-default wd-section-disabled\" data-id=\"1dec7d0\" data-element_type=\"section\">\n\t\t\t\t\t\t<div class=\"elementor-container elementor-column-gap-default\">\n\t\t\t\t\t<div class=\"elementor-column elementor-col-25 elementor-top-column elementor-element elementor-element-7eb01be\" data-id=\"7eb01be\" data-element_type=\"column\">\n\t\t\t<div class=\"elementor-widget-wrap\">\n\t\t\t\t\t\t\t<\/div>\n\t\t<\/div>\n\t\t\t\t<div class=\"elementor-column elementor-col-50 elementor-top-column elementor-element elementor-element-e56a35a\" data-id=\"e56a35a\" data-element_type=\"column\">\n\t\t\t<div class=\"elementor-widget-wrap elementor-element-populated\">\n\t\t\t\t\t\t<div class=\"elementor-element elementor-element-7e1013e7 elementor-widget elementor-widget-wd_text_block\" data-id=\"7e1013e7\" data-element_type=\"widget\" data-widget_type=\"wd_text_block.default\">\n\t\t\t\t<div class=\"elementor-widget-container\">\n\t\t\t\t\t\t\t<div class=\"wd-text-block reset-last-child text-left\">\n\t\t\t\n\t\t\t<p style=\"text-align: center;\">White Minerals \u2013 a business group that brings together the companies Sabril and Areipor \u2013 is a modern industrial organization specialized in the extraction, processing and commercialization of non-metallic minerals.<\/p><p style=\"text-align: center;\">Focused on sustainable exploration, White Minerals is oriented towards growth and continuous improvement, positioning itself as a group of companies whose technologies, exploration centers, methodologies and certified processes guarantee the best option when it comes to raw materials such as non-metallic minerals.<\/p><p style=\"text-align: center;\">With a strong export vocation, White Minerals sees the global market as a natural extension of its activity in Portugal. Internationalization is the guarantee of its quality, recognized by the most demanding players in the world market.<\/p><p style=\"text-align: center;\">Na White Minerals, a qualidade n\u00e3o \u00e9 apenas um objetivo, mas um compromisso inabal\u00e1vel presente em cada etapa do processo de extrac\u00e7\u00e3o de minerais. From the selection of the best raw materials to the implementation of rigorous technical controls, we guarantee the excellence of our products reflected in the <a href=\"\/wp-content\/uploads\/2025\/02\/Politica-da-qualidade-Areipor-min.pdf\" target=\"_blank\" rel=\"noopener\">Quality Policy<\/a> implemented at Areipor.<\/p>\n\t\t\t\t\t<\/div>\n\t\t\t\t\t\t<\/div>\n\t\t\t\t<\/div>\n\t\t\t\t\t<\/div>\n\t\t<\/div>\n\t\t\t\t<div class=\"elementor-column elementor-col-25 elementor-top-column elementor-element elementor-element-89c183a\" data-id=\"89c183a\" data-element_type=\"column\">\n\t\t\t<div class=\"elementor-widget-wrap\">\n\t\t\t\t\t\t\t<\/div>\n\t\t<\/div>\n\t\t\t\t\t<\/div>\n\t\t<\/section>\n\t\t\t\t<section class=\"elementor-section elementor-top-section elementor-element elementor-element-5dd4f82 elementor-section-boxed elementor-section-height-default elementor-section-height-default wd-section-disabled\" data-id=\"5dd4f82\" data-element_type=\"section\">\n\t\t\t\t\t\t<div class=\"elementor-container elementor-column-gap-default\">\n\t\t\t\t\t<div class=\"elementor-column elementor-col-20 elementor-top-column elementor-element elementor-element-129a05d\" data-id=\"129a05d\" data-element_type=\"column\">\n\t\t\t<div class=\"elementor-widget-wrap\">\n\t\t\t\t\t\t\t<\/div>\n\t\t<\/div>\n\t\t\t\t<div class=\"elementor-column elementor-col-20 elementor-top-column elementor-element elementor-element-3069e8f\" data-id=\"3069e8f\" data-element_type=\"column\">\n\t\t\t<div class=\"elementor-widget-wrap elementor-element-populated\">\n\t\t\t\t\t\t<div class=\"elementor-element elementor-element-5dcbe8f elementor-widget elementor-widget-wd_image_or_svg\" data-id=\"5dcbe8f\" data-element_type=\"widget\" data-widget_type=\"wd_image_or_svg.default\">\n\t\t\t\t<div class=\"elementor-widget-container\">\n\t\t\t\t\t\n\t\t<div class=\"wd-image text-left\">\n\t\t\t\t\t\t\t\t<img fetchpriority=\"high\" decoding=\"async\"  src=\"https:\/\/whiteminerals.pt\/wp-content\/uploads\/2022\/12\/white-minerals-1.svg\" title=\"white-minerals\" width=\"3000\" height=\"3000\">\t\t\t\t\t<\/div>\n\n\t\t\t\t\t\t<\/div>\n\t\t\t\t<\/div>\n\t\t\t\t\t<\/div>\n\t\t<\/div>\n\t\t\t\t<div class=\"elementor-column elementor-col-20 elementor-top-column elementor-element elementor-element-4f35dc4\" data-id=\"4f35dc4\" data-element_type=\"column\">\n\t\t\t<div class=\"elementor-widget-wrap elementor-element-populated\">\n\t\t\t\t\t\t<div class=\"elementor-element elementor-element-d837cd9 elementor-widget elementor-widget-wd_image_or_svg\" data-id=\"d837cd9\" data-element_type=\"widget\" data-widget_type=\"wd_image_or_svg.default\">\n\t\t\t\t<div class=\"elementor-widget-container\">\n\t\t\t\t\t\n\t\t<div class=\"wd-image text-left\">\n\t\t\t\t\t\t\t\t<img decoding=\"async\"  src=\"https:\/\/whiteminerals.pt\/wp-content\/uploads\/2022\/12\/sabril.svg\" title=\"sabril\" width=\"3000\" height=\"3000\">\t\t\t\t\t<\/div>\n\n\t\t\t\t\t\t<\/div>\n\t\t\t\t<\/div>\n\t\t\t\t\t<\/div>\n\t\t<\/div>\n\t\t\t\t<div class=\"elementor-column elementor-col-20 elementor-top-column elementor-element elementor-element-eeb860f\" data-id=\"eeb860f\" data-element_type=\"column\">\n\t\t\t<div class=\"elementor-widget-wrap elementor-element-populated\">\n\t\t\t\t\t\t<div class=\"elementor-element elementor-element-0dda367 elementor-widget elementor-widget-wd_image_or_svg\" data-id=\"0dda367\" data-element_type=\"widget\" data-widget_type=\"wd_image_or_svg.default\">\n\t\t\t\t<div class=\"elementor-widget-container\">\n\t\t\t\t\t\n\t\t<div class=\"wd-image text-left\">\n\t\t\t\t\t\t\t\t<img decoding=\"async\"  src=\"https:\/\/whiteminerals.pt\/wp-content\/uploads\/2022\/12\/areipor.svg\" title=\"areipor\" width=\"3000\" height=\"3000\">\t\t\t\t\t<\/div>\n\n\t\t\t\t\t\t<\/div>\n\t\t\t\t<\/div>\n\t\t\t\t\t<\/div>\n\t\t<\/div>\n\t\t\t\t<div class=\"elementor-column elementor-col-20 elementor-top-column elementor-element elementor-element-94f156e\" data-id=\"94f156e\" data-element_type=\"column\">\n\t\t\t<div class=\"elementor-widget-wrap\">\n\t\t\t\t\t\t\t<\/div>\n\t\t<\/div>\n\t\t\t\t\t<\/div>\n\t\t<\/section>\n\t\t\t\t<section class=\"elementor-section elementor-top-section elementor-element elementor-element-7e61536 elementor-section-boxed elementor-section-height-default elementor-section-height-default wd-section-disabled\" data-id=\"7e61536\" data-element_type=\"section\">\n\t\t\t\t\t\t<div class=\"elementor-container elementor-column-gap-default\">\n\t\t\t\t\t<div class=\"elementor-column elementor-col-100 elementor-top-column elementor-element elementor-element-7f96d87\" data-id=\"7f96d87\" data-element_type=\"column\">\n\t\t\t<div class=\"elementor-widget-wrap elementor-element-populated\">\n\t\t\t\t\t\t<div class=\"elementor-element elementor-element-6bde949 elementor-widget elementor-widget-wd_title\" data-id=\"6bde949\" data-element_type=\"widget\" data-widget_type=\"wd_title.default\">\n\t\t\t\t<div class=\"elementor-widget-container\">\n\t\t\t\t\t\t\t<div class=\"title-wrapper set-mb-s reset-last-child wd-title-color-default wd-title-style-default wd-title-size-large text-center\">\n\n\t\t\t\n\t\t\t<div class=\"liner-continer\">\n\t\t\t\t<h4 class=\"woodmart-title-container title wd-fontsize-xxl\">WE BELIEVE IN THE<br \/>\nPOWER OF THE UNION.<\/h4> \n\t\t\t\t\t\t\t<\/div>\n\n\t\t\t\t\t\t\t<div class=\"title-after_title set-cont-mb-s reset-last-child wd-fontsize-s\">\n\t\t\t\t\t<p>White Minerals has developed a strategic partnership with the Corb\u00e1rio Group that integrates 3 companies specializing in the extraction and transformation of clays and kaolin.<\/p>\t\t\t\t<\/div>\n\t\t\t\t\t<\/div>\n\t\t\t\t\t\t<\/div>\n\t\t\t\t<\/div>\n\t\t\t\t\t<\/div>\n\t\t<\/div>\n\t\t\t\t\t<\/div>\n\t\t<\/section>\n\t\t\t\t<section class=\"elementor-section elementor-top-section elementor-element elementor-element-48c35be elementor-section-boxed elementor-section-height-default elementor-section-height-default wd-section-disabled\" data-id=\"48c35be\" data-element_type=\"section\">\n\t\t\t\t\t\t<div class=\"elementor-container elementor-column-gap-default\">\n\t\t\t\t\t<div class=\"elementor-column elementor-col-20 elementor-top-column elementor-element elementor-element-8c6dc73\" data-id=\"8c6dc73\" data-element_type=\"column\">\n\t\t\t<div class=\"elementor-widget-wrap\">\n\t\t\t\t\t\t\t<\/div>\n\t\t<\/div>\n\t\t\t\t<div class=\"elementor-column elementor-col-20 elementor-top-column elementor-element elementor-element-8bdc131\" data-id=\"8bdc131\" data-element_type=\"column\">\n\t\t\t<div class=\"elementor-widget-wrap elementor-element-populated\">\n\t\t\t\t\t\t<div class=\"elementor-element elementor-element-785612f elementor-widget elementor-widget-wd_image_or_svg\" data-id=\"785612f\" data-element_type=\"widget\" data-widget_type=\"wd_image_or_svg.default\">\n\t\t\t\t<div class=\"elementor-widget-container\">\n\t\t\t\t\t\n\t\t<div class=\"wd-image text-left\">\n\t\t\t\t\t\t\t<a  href=\"https:\/\/www.corbario.com\/\" target=\"_blank\">\n\t\t\t\t\t\t\t\t<img loading=\"lazy\" decoding=\"async\"  src=\"https:\/\/whiteminerals.pt\/wp-content\/uploads\/2022\/12\/corbario-logo.svg\" title=\"corbario-logo\" width=\"3000\" height=\"3000\">\t\t\t\t\t\t\t<\/a>\n\t\t\t\t\t<\/div>\n\n\t\t\t\t\t\t<\/div>\n\t\t\t\t<\/div>\n\t\t\t\t\t<\/div>\n\t\t<\/div>\n\t\t\t\t<div class=\"elementor-column elementor-col-20 elementor-top-column elementor-element elementor-element-56a5013\" data-id=\"56a5013\" data-element_type=\"column\">\n\t\t\t<div class=\"elementor-widget-wrap elementor-element-populated\">\n\t\t\t\t\t\t<div class=\"elementor-element elementor-element-f3fd0c8 elementor-widget elementor-widget-wd_image_or_svg\" data-id=\"f3fd0c8\" data-element_type=\"widget\" data-widget_type=\"wd_image_or_svg.default\">\n\t\t\t\t<div class=\"elementor-widget-container\">\n\t\t\t\t\t\n\t\t<div class=\"wd-image text-left\">\n\t\t\t\t\t\t\t<a  href=\"https:\/\/www.corbario.com\/\" target=\"_blank\">\n\t\t\t\t\t\t\t\t<img loading=\"lazy\" decoding=\"async\"  src=\"https:\/\/whiteminerals.pt\/wp-content\/uploads\/2022\/12\/braga-logo-1.svg\" title=\"braga-logo-1\" width=\"3000\" height=\"3000\">\t\t\t\t\t\t\t<\/a>\n\t\t\t\t\t<\/div>\n\n\t\t\t\t\t\t<\/div>\n\t\t\t\t<\/div>\n\t\t\t\t\t<\/div>\n\t\t<\/div>\n\t\t\t\t<div class=\"elementor-column elementor-col-20 elementor-top-column elementor-element elementor-element-f660524\" data-id=\"f660524\" data-element_type=\"column\">\n\t\t\t<div class=\"elementor-widget-wrap elementor-element-populated\">\n\t\t\t\t\t\t<div class=\"elementor-element elementor-element-3964874 elementor-widget elementor-widget-wd_image_or_svg\" data-id=\"3964874\" data-element_type=\"widget\" data-widget_type=\"wd_image_or_svg.default\">\n\t\t\t\t<div class=\"elementor-widget-container\">\n\t\t\t\t\t\n\t\t<div class=\"wd-image text-left\">\n\t\t\t\t\t\t\t<a  href=\"https:\/\/www.corbario.com\/\" target=\"_blank\">\n\t\t\t\t\t\t\t\t<img loading=\"lazy\" decoding=\"async\"  src=\"https:\/\/whiteminerals.pt\/wp-content\/uploads\/2022\/12\/mcass-logo-2.svg\" title=\"mcass-logo-2\" width=\"3000\" height=\"3000\">\t\t\t\t\t\t\t<\/a>\n\t\t\t\t\t<\/div>\n\n\t\t\t\t\t\t<\/div>\n\t\t\t\t<\/div>\n\t\t\t\t\t<\/div>\n\t\t<\/div>\n\t\t\t\t<div class=\"elementor-column elementor-col-20 elementor-top-column elementor-element elementor-element-eea418e\" data-id=\"eea418e\" data-element_type=\"column\">\n\t\t\t<div class=\"elementor-widget-wrap\">\n\t\t\t\t\t\t\t<\/div>\n\t\t<\/div>\n\t\t\t\t\t<\/div>\n\t\t<\/section>\n\t\t\t\t<\/div>\n\t\t","protected":false},"excerpt":{"rendered":"<p>WE SEE THE FUTURE AS AN EXCITING CHALLENGE White Minerals \u2013 a business group that brings together the companies Sabril<\/p>\n","protected":false},"author":4,"featured_media":0,"parent":0,"menu_order":0,"comment_status":"closed","ping_status":"closed","template":"","meta":{"_acf_changed":false,"_monsterinsights_skip_tracking":false,"_monsterinsights_sitenote_active":false,"_monsterinsights_sitenote_note":"","_monsterinsights_sitenote_category":0,"footnotes":""},"class_list":["post-10090","page","type-page","status-publish","hentry"],"acf":[],"yoast_head":"<!-- This site is optimized with the Yoast SEO plugin v25.0 - https:\/\/yoast.com\/wordpress\/plugins\/seo\/ -->\n<title>Group - White Minerals<\/title>\n<meta name=\"robots\" content=\"index, follow, max-snippet:-1, max-image-preview:large, max-video-preview:-1\" \/>\n<link rel=\"canonical\" href=\"https:\/\/whiteminerals.pt\/en\/group\/\" \/>\n<meta property=\"og:locale\" content=\"en_US\" \/>\n<meta property=\"og:type\" content=\"article\" \/>\n<meta property=\"og:title\" content=\"Group - White Minerals\" \/>\n<meta property=\"og:description\" content=\"WE SEE THE FUTURE AS AN EXCITING CHALLENGE White Minerals \u2013 a business group that brings together the companies Sabril\" \/>\n<meta property=\"og:url\" content=\"https:\/\/whiteminerals.pt\/en\/group\/\" \/>\n<meta property=\"og:site_name\" content=\"White Minerals\" \/>\n<meta property=\"article:modified_time\" content=\"2025-02-10T09:44:36+00:00\" \/>\n<meta property=\"og:image\" content=\"https:\/\/whiteminerals.pt\/wp-content\/uploads\/2022\/12\/white-minerals-1.svg\" \/>\n<meta name=\"twitter:card\" content=\"summary_large_image\" \/>\n<meta name=\"twitter:label1\" content=\"Est. reading time\" \/>\n\t<meta name=\"twitter:data1\" content=\"2 minutes\" \/>\n<script type=\"application\/ld+json\" class=\"yoast-schema-graph\">{\"@context\":\"https:\/\/schema.org\",\"@graph\":[{\"@type\":\"WebPage\",\"@id\":\"https:\/\/whiteminerals.pt\/en\/group\/\",\"url\":\"https:\/\/whiteminerals.pt\/en\/group\/\",\"name\":\"Group - White Minerals\",\"isPartOf\":{\"@id\":\"https:\/\/whiteminerals.pt\/en\/#website\"},\"primaryImageOfPage\":{\"@id\":\"https:\/\/whiteminerals.pt\/en\/group\/#primaryimage\"},\"image\":{\"@id\":\"https:\/\/whiteminerals.pt\/en\/group\/#primaryimage\"},\"thumbnailUrl\":\"https:\/\/whiteminerals.pt\/wp-content\/uploads\/2022\/12\/white-minerals-1.svg\",\"datePublished\":\"2022-09-19T10:06:16+00:00\",\"dateModified\":\"2025-02-10T09:44:36+00:00\",\"breadcrumb\":{\"@id\":\"https:\/\/whiteminerals.pt\/en\/group\/#breadcrumb\"},\"inLanguage\":\"en-US\",\"potentialAction\":[{\"@type\":\"ReadAction\",\"target\":[\"https:\/\/whiteminerals.pt\/en\/group\/\"]}]},{\"@type\":\"ImageObject\",\"inLanguage\":\"en-US\",\"@id\":\"https:\/\/whiteminerals.pt\/en\/group\/#primaryimage\",\"url\":\"https:\/\/whiteminerals.pt\/wp-content\/uploads\/2022\/12\/white-minerals-1.svg\",\"contentUrl\":\"https:\/\/whiteminerals.pt\/wp-content\/uploads\/2022\/12\/white-minerals-1.svg\"},{\"@type\":\"BreadcrumbList\",\"@id\":\"https:\/\/whiteminerals.pt\/en\/group\/#breadcrumb\",\"itemListElement\":[{\"@type\":\"ListItem\",\"position\":1,\"name\":\"Home\",\"item\":\"https:\/\/whiteminerals.pt\/en\/\"},{\"@type\":\"ListItem\",\"position\":2,\"name\":\"Group\"}]},{\"@type\":\"WebSite\",\"@id\":\"https:\/\/whiteminerals.pt\/en\/#website\",\"url\":\"https:\/\/whiteminerals.pt\/en\/\",\"name\":\"White Minerals\",\"description\":\"Mais um site WordPress\",\"potentialAction\":[{\"@type\":\"SearchAction\",\"target\":{\"@type\":\"EntryPoint\",\"urlTemplate\":\"https:\/\/whiteminerals.pt\/en\/?s={search_term_string}\"},\"query-input\":{\"@type\":\"PropertyValueSpecification\",\"valueRequired\":true,\"valueName\":\"search_term_string\"}}],\"inLanguage\":\"en-US\"}]}<\/script>\n<!-- \/ Yoast SEO plugin. -->","yoast_head_json":{"title":"Group - White Minerals","robots":{"index":"index","follow":"follow","max-snippet":"max-snippet:-1","max-image-preview":"max-image-preview:large","max-video-preview":"max-video-preview:-1"},"canonical":"https:\/\/whiteminerals.pt\/en\/group\/","og_locale":"en_US","og_type":"article","og_title":"Group - White Minerals","og_description":"WE SEE THE FUTURE AS AN EXCITING CHALLENGE White Minerals \u2013 a business group that brings together the companies Sabril","og_url":"https:\/\/whiteminerals.pt\/en\/group\/","og_site_name":"White Minerals","article_modified_time":"2025-02-10T09:44:36+00:00","og_image":[{"url":"https:\/\/whiteminerals.pt\/wp-content\/uploads\/2022\/12\/white-minerals-1.svg","type":"","width":"","height":""}],"twitter_card":"summary_large_image","twitter_misc":{"Est. reading time":"2 minutes"},"schema":{"@context":"https:\/\/schema.org","@graph":[{"@type":"WebPage","@id":"https:\/\/whiteminerals.pt\/en\/group\/","url":"https:\/\/whiteminerals.pt\/en\/group\/","name":"Group - White Minerals","isPartOf":{"@id":"https:\/\/whiteminerals.pt\/en\/#website"},"primaryImageOfPage":{"@id":"https:\/\/whiteminerals.pt\/en\/group\/#primaryimage"},"image":{"@id":"https:\/\/whiteminerals.pt\/en\/group\/#primaryimage"},"thumbnailUrl":"https:\/\/whiteminerals.pt\/wp-content\/uploads\/2022\/12\/white-minerals-1.svg","datePublished":"2022-09-19T10:06:16+00:00","dateModified":"2025-02-10T09:44:36+00:00","breadcrumb":{"@id":"https:\/\/whiteminerals.pt\/en\/group\/#breadcrumb"},"inLanguage":"en-US","potentialAction":[{"@type":"ReadAction","target":["https:\/\/whiteminerals.pt\/en\/group\/"]}]},{"@type":"ImageObject","inLanguage":"en-US","@id":"https:\/\/whiteminerals.pt\/en\/group\/#primaryimage","url":"https:\/\/whiteminerals.pt\/wp-content\/uploads\/2022\/12\/white-minerals-1.svg","contentUrl":"https:\/\/whiteminerals.pt\/wp-content\/uploads\/2022\/12\/white-minerals-1.svg"},{"@type":"BreadcrumbList","@id":"https:\/\/whiteminerals.pt\/en\/group\/#breadcrumb","itemListElement":[{"@type":"ListItem","position":1,"name":"Home","item":"https:\/\/whiteminerals.pt\/en\/"},{"@type":"ListItem","position":2,"name":"Group"}]},{"@type":"WebSite","@id":"https:\/\/whiteminerals.pt\/en\/#website","url":"https:\/\/whiteminerals.pt\/en\/","name":"White Minerals","description":"Mais um site WordPress","potentialAction":[{"@type":"SearchAction","target":{"@type":"EntryPoint","urlTemplate":"https:\/\/whiteminerals.pt\/en\/?s={search_term_string}"},"query-input":{"@type":"PropertyValueSpecification","valueRequired":true,"valueName":"search_term_string"}}],"inLanguage":"en-US"}]}},"_links":{"self":[{"href":"https:\/\/whiteminerals.pt\/en\/wp-json\/wp\/v2\/pages\/10090","targetHints":{"allow":["GET"]}}],"collection":[{"href":"https:\/\/whiteminerals.pt\/en\/wp-json\/wp\/v2\/pages"}],"about":[{"href":"https:\/\/whiteminerals.pt\/en\/wp-json\/wp\/v2\/types\/page"}],"author":[{"embeddable":true,"href":"https:\/\/whiteminerals.pt\/en\/wp-json\/wp\/v2\/users\/4"}],"replies":[{"embeddable":true,"href":"https:\/\/whiteminerals.pt\/en\/wp-json\/wp\/v2\/comments?post=10090"}],"version-history":[{"count":10,"href":"https:\/\/whiteminerals.pt\/en\/wp-json\/wp\/v2\/pages\/10090\/revisions"}],"predecessor-version":[{"id":11688,"href":"https:\/\/whiteminerals.pt\/en\/wp-json\/wp\/v2\/pages\/10090\/revisions\/11688"}],"wp:attachment":[{"href":"https:\/\/whiteminerals.pt\/en\/wp-json\/wp\/v2\/media?parent=10090"}],"curies":[{"name":"wp","href":"https:\/\/api.w.org\/{rel}","templated":true}]}}